{"id":7,"date":"2013-05-18T16:20:29","date_gmt":"2013-05-18T16:20:29","guid":{"rendered":"http:\/\/www.viajarconmiperro.com\/?page_id=7"},"modified":"2014-09-26T18:48:11","modified_gmt":"2014-09-26T18:48:11","slug":"viajes-de-lujo-con-mi-perro","status":"publish","type":"page","link":"http:\/\/www.viajarconmiperro.com\/index.php\/viajes-de-lujo-con-mi-perro\/","title":{"rendered":"Viaje a Tarifa con mi perro"},"content":{"rendered":"<p>Hola a todos\/as , es un placer para mi poder contaros nuestro viaje a Tarifa, ya que creo que aunque no existe una normativa legal que regule la tolerancia con los perros, dir\u00eda que es uno de los lugares de Espa\u00f1a, donde a sido viajar con mi perro, por \u00a0la aceptaci\u00f3n que estos tienen tanto entre la gente local como los turistas.<\/p>\n<p>Como siempre que la situaci\u00f3n nos lo permite, hemos viajado con nuestro perro, SAM , \u00a0en 2013 a Tarifa, en esta ocasi\u00f3n hemos estado buscando una casa con piscina y vistas al mar , que quedara cerca de la playa y donde nos pudi\u00e9ramos alojar con mascota, \u00a0para la b\u00fasqueda he contacta con las siguientes web donde en ambas os facilitar\u00e1n alojamiento para viajar con vuestro perro, est\u00e1n especializados en casas y villas, aunque tambi\u00e9n disponen de apartamentos son:<\/p>\n<ul>\n<li><a title=\"Tarifabeachhouse\" href=\"http:\/\/www.tarifabeachhouse.com\">http:\/\/www.tarifabeachhouse.com<\/a><\/li>\n<li>h<a title=\"Tarifa house\" href=\"http:\/\/www.tarifahouse.es\">ttp:\/\/www.tarifahouse.es<\/a><\/li>\n<\/ul>\n<p>Finalmente, nosotros hemos realizado el alquiler con tarifahouse, hemos alquilado una preciosa villa, \u00a0estilo caba\u00f1a, con un interior estilo vanguardista, con piscina exterior, y con unas impresionantesss &#8230;. vistas a la playa de Valdevaqueros y a la Duna de Punta Paloma.. \u00a0Le llaman &#8220;VILLA VALDEVAQUEROS&#8221;, es ideal para alojarse con mascota, por el gran jard\u00edn que tiene y por que muy cerquita (1 km) , aunque no caminando, \u00a0dispones de la playa de Valdevaqueros y otras maravillosas playas en las que no te pondr\u00e1n demasiados problemas para poder ir con tu perro.<\/p>\n<div id=\"attachment_208\" style=\"width: 780px\" class=\"wp-caption aligncenter\"><a href=\"http:\/\/www.viajarconmiperro.com\/wp-content\/uploads\/2013\/05\/DSC_0217.jpg\"><img loading=\"lazy\" decoding=\"async\" aria-describedby=\"caption-attachment-208\" class=\"size-large wp-image-208\" src=\"http:\/\/www.viajarconmiperro.com\/wp-content\/uploads\/2013\/05\/DSC_0217-1024x685.jpg\" alt=\"Alquiler de villas para alojarse con  perro en tarifa\" width=\"770\" height=\"515\" srcset=\"http:\/\/www.viajarconmiperro.com\/wp-content\/uploads\/2013\/05\/DSC_0217-1024x685.jpg 1024w, http:\/\/www.viajarconmiperro.com\/wp-content\/uploads\/2013\/05\/DSC_0217-300x200.jpg 300w\" sizes=\"auto, (max-width: 770px) 100vw, 770px\" \/><\/a><p id=\"caption-attachment-208\" class=\"wp-caption-text\">www.viajarconmiperro.com<\/p><\/div>\n<p><strong>LAS PLAYAS DE TARIFA PARA IR CON MI PERRO.<\/strong><\/p>\n<p>Si\u00a0\u00a0realmente lo que quieres es disfrutar de un d\u00eda tranquilo de playa llevando a tu mascota te recomiendo dos opciones, que yo he experimentado y de verdad que merecen la pena:<\/p>\n<ul>\n<li>La primera opci\u00f3n es desplazarte a<strong> \u00a0la playa \u00a0de Punta Paloma<\/strong>, las calas que existen en la zona de punta paloma , justo despu\u00e9s de pasar la Duna (Paloma Baja) en direcci\u00f3n a la antigua zona militar , encontraras varias bajadas atravesando un P\u00ednal, pero lo mejor seguir la carretera de paloma baja hasta encontrar un restaurante que se llama &#8220;el mirlo&#8221; (despu\u00e9s os hablar\u00e9 de el) donde hay un aparcamiento para dejar el coche, caminando por un sendero unos 5 minutos llegas a \u00a0&#8220;unas maravillosas calas&#8221; con arena fina, agua cristalina, y nada masificadas (yo he viajado a mediados de julio) donde nadie te pondr\u00e1 problema con el perro (evidentemente, si este no es peligroso y se comporta con cierta normalidad). \u00a0Entre todas estas calas (unidas entre si) hay una en la que &#8220;dicen&#8221; que est\u00e1n permitidos los perros, yo he ido y hab\u00eda unos 6 perros , est\u00e1 fenomenal, pero dado que al juntarse no paran de jugar y correr se hace u poco complicado, pero para gustos&#8230;.. \u00a0Un detalle imprescindible para que el d\u00eda sea completo, de la que volv\u00e9is de esta playa , si hab\u00e9is dejado el coche en el aparcamiento del mirlo, deb\u00e9is parar a ver \u00a0las \u00faltimas horas de sol en la maravillosa terraza con vistas al mar que tienen.\n<p><div id=\"attachment_207\" style=\"width: 780px\" class=\"wp-caption aligncenter\"><a href=\"http:\/\/www.viajarconmiperro.com\/wp-content\/uploads\/2013\/05\/tarifa-2013-24.jpg\"><img loading=\"lazy\" decoding=\"async\" aria-describedby=\"caption-attachment-207\" class=\"wp-image-207 size-large\" src=\"http:\/\/www.viajarconmiperro.com\/wp-content\/uploads\/2013\/05\/tarifa-2013-24-1024x764.jpg\" alt=\"Final de d\u00eda de playa \" width=\"770\" height=\"574\" srcset=\"http:\/\/www.viajarconmiperro.com\/wp-content\/uploads\/2013\/05\/tarifa-2013-24-1024x764.jpg 1024w, http:\/\/www.viajarconmiperro.com\/wp-content\/uploads\/2013\/05\/tarifa-2013-24-300x224.jpg 300w\" sizes=\"auto, (max-width: 770px) 100vw, 770px\" \/><\/a><p id=\"caption-attachment-207\" class=\"wp-caption-text\">Playa de Punta Paloma<br \/> www.viajarconmiperro.com<\/p><\/div><\/li>\n<li>\u00a0<strong>La playa de Bolonia,<\/strong> una autentica maravilla, ya hab\u00eda estado en esta playa hace a\u00f1os, pero me sigue sorprendiendo, es una preciosa playa situada en la poblaci\u00f3n del mismo nombre, es un playa larga con una maravillosa Duna, \u00a0la playa est\u00e1 rodeada de naturaleza, y es habitual encontrarte con vacas, burros o caballos en la orilla de la misma, yo los burros me los he encontrado por la arena, la playa tiene bastante afluencia de gente, pero tiende a concentrarse en el centro , donde est\u00e1n los chiringitos, con lo que si te desplazas a hacia la zona m\u00e1s cercana a punta paloma, no tendr\u00e1s ning\u00fan problema, cuando yo llegu\u00e9 \u00a0a la playa pregunte a un agente , y me comento &#8220;los perros no est\u00e1n permitidos en las playas pero me han hecho la misma pregunta esta ma\u00f1ana varias personas, si usted se va a una de las esquinas y el \u00a0perro no genera ning\u00fan problema nadie le va a decir nada&#8221;, creo que esto deja la responsabilidad en nuestra mano, con lo que siguiendo su consejo, y sabiendo que SAM, se portar\u00eda bien y adem\u00e1s me iba \u00a0a estar pendiente de que no molestar\u00e1 a nadie, os dir\u00e9 que pase un maravilloso d\u00eda de playa en BOLONIA os lo recomiendo.<\/li>\n<\/ul>\n<p>Aqu\u00ed os dejo algunas im\u00e1genes de \u00a0un d\u00eda con mi perro en la playa de Bolonia, por que poder ir con tu perro a la playa , es una gozada&#8230;&#8230;<\/p>\n<div id=\"attachment_202\" style=\"width: 780px\" class=\"wp-caption aligncenter\"><a href=\"http:\/\/www.viajarconmiperro.com\/wp-content\/uploads\/2013\/05\/DSC_0109.jpg\"><img loading=\"lazy\" decoding=\"async\" aria-describedby=\"caption-attachment-202\" class=\"wp-image-202 size-large\" src=\"http:\/\/www.viajarconmiperro.com\/wp-content\/uploads\/2013\/05\/DSC_0109-1024x685.jpg\" alt=\"Playa de Bolon\u00eda (Tarifa)  www.viajarconmiperro.com\" width=\"770\" height=\"515\" srcset=\"http:\/\/www.viajarconmiperro.com\/wp-content\/uploads\/2013\/05\/DSC_0109-1024x685.jpg 1024w, http:\/\/www.viajarconmiperro.com\/wp-content\/uploads\/2013\/05\/DSC_0109-300x200.jpg 300w\" sizes=\"auto, (max-width: 770px) 100vw, 770px\" \/><\/a><p id=\"caption-attachment-202\" class=\"wp-caption-text\">Playa de Bolonia www.viajarconmiperro.com<\/p><\/div>\n<p>&nbsp;<\/p>\n<div id=\"attachment_204\" style=\"width: 780px\" class=\"wp-caption aligncenter\"><a href=\"http:\/\/www.viajarconmiperro.com\/wp-content\/uploads\/2013\/05\/DSC_0177.jpg\"><img loading=\"lazy\" decoding=\"async\" aria-describedby=\"caption-attachment-204\" class=\"wp-image-204 size-large\" src=\"http:\/\/www.viajarconmiperro.com\/wp-content\/uploads\/2013\/05\/DSC_0177-1024x685.jpg\" alt=\"Jugando con Sam en la Playa de Bolonia\" width=\"770\" height=\"515\" srcset=\"http:\/\/www.viajarconmiperro.com\/wp-content\/uploads\/2013\/05\/DSC_0177-1024x685.jpg 1024w, http:\/\/www.viajarconmiperro.com\/wp-content\/uploads\/2013\/05\/DSC_0177-300x200.jpg 300w\" sizes=\"auto, (max-width: 770px) 100vw, 770px\" \/><\/a><p id=\"caption-attachment-204\" class=\"wp-caption-text\">Playa de Bolonia<br \/> www.viajarconmiperro.com<\/p><\/div>\n<p>Existen muchas playas m\u00e1s, y he ido a casi todas con el perro, salvo las que est\u00e1n junta a la poblaci\u00f3n de tarifa, en las urbanizaciones, por que hab\u00eda demasiada gente, no he tenido ning\u00fan problema por ir con mi perro SAM.<\/p>\n<p>Para los que os guste hacer rutas y caminar , deciros que existen varias opciones de senderismo en esta zona, bordeando el mar, por ejemplo la ruta de punta paloma a \u00a0la Playa de Bolonia,,,,, encontrareis mucha informaci\u00f3n acerca de estas rutas en los diferentes portales de turismo de tarifa.<\/p>\n<p><em><strong>RESTAURANTES Y BARES EN TARIFA PARA IR CON MI PERRO.<\/strong><\/em><\/p>\n<p>Creo que no me he encontrado ning\u00fan sitio en Tarifa donde me hayan puesto problemas con el perro, \u00a0de todas maneras \u00a0estoy hablando de cenar o tomar algo en terrazas, nunca en el interior, \u00a0pero si me he encontrado algunos\u00a0\u00a0sitios en los que me ha sorprendido el comportamiento tan afable que tienen hacia las mascotas, os los enumero, aunque alguno ya os va a sonar por que os he hablado de el:<\/p>\n<ul>\n<li>RESTAURANTE \u00a0&#8220;EL MIRLO&#8221; en paloma baja , a parte del refresco cuando subes de la playa, una noche hemos ido a cenar, ya que el at\u00fan de almadraba y el pescado fresco , es impresionante en este lugar, cuando llegamos les ped\u00ed una mesa en la terraza, y les indique que ven\u00edamos con un perro, a lo que me contestaron &#8220;no mucho mejor en la terraza interior del restaurante (una terraza cubierta de paja)&#8221; yo le insist\u00ed que no pod\u00eda ser que venia con el perro, y me contesto &#8221; y eso que importa los perros aqu\u00ed son bienvenidos&#8221;, pues finalmente acabe cenando en su terraza interior un pescado exquisito. \u00a0Os lo recomiendo no solo por lo de permitir mascotas sino por la calidad de su producto.<\/li>\n<li>EXPLORA, VALDEVAQUEROS , Para tomarse un una cervecita despu\u00e9s de terminar un d\u00eda de playa , viendo o jugando un partido de voley y tumbado en una cama tailandesa, acompa\u00f1ado de\u00a0\u00a0tu perro \u00a0al que le pondr\u00e1n agua fresca, en el\u00a0\u00a0ambiente surfero de Tarifa, te recomiendo &#8220;el explora&#8221; en la carretera general en frente de la playa de valdevaqueros, es un Bar \u00a0chill out, con tienda y tambien \u00a0restaurante (hamburguesas y platos rapidos) que est\u00e1 fenomenal muy divertido.<\/li>\n<li>Para tomarse una copa por la noche en un ambiente \u00a0tranquilo y exquisito (salvo los d\u00edas de grandes fiestas) , en un maravilloso jard\u00edn con piscina y un mobiliario exterior e iluminaci\u00f3n con mucho gusto os recomiendo el pub chill out que est\u00e1 justo en frente del explora, \u00a0ahora mismo no me acuerdo de su nombre, ning\u00fan problema para acceder con el perro, se han mostrado simplemente indiferentes.<\/li>\n<\/ul>\n<p>Por ahora nada m\u00e1s si necesit\u00e1is m\u00e1s informaci\u00f3n y os puedo ayudar dejadme un comentario e intentare contestar con un post&#8230;. si lo se claro est\u00e1 , animaros y a viajar con vuestra mascota a tarifa.<\/p>\n<p>&nbsp;<\/p>\n<p>&nbsp;<\/p>\n<p>&nbsp;<\/p>\n<p>&nbsp;<\/p>\n<p style=\"text-align: left;\">\n","protected":false},"excerpt":{"rendered":"<p>Hola a todos\/as , es un placer para mi poder contaros nuestro viaje a Tarifa, ya que creo que aunque no existe una normativa legal que regule la tolerancia con los perros, dir\u00eda que es uno de los lugares de<\/p>\n","protected":false},"author":1,"featured_media":149,"parent":0,"menu_order":0,"comment_status":"open","ping_status":"closed","template":"","meta":{"footnotes":""},"class_list":["post-7","page","type-page","status-publish","has-post-thumbnail","hentry"],"_links":{"self":[{"href":"http:\/\/www.viajarconmiperro.com\/index.php\/wp-json\/wp\/v2\/pages\/7","targetHints":{"allow":["GET"]}}],"collection":[{"href":"http:\/\/www.viajarconmiperro.com\/index.php\/wp-json\/wp\/v2\/pages"}],"about":[{"href":"http:\/\/www.viajarconmiperro.com\/index.php\/wp-json\/wp\/v2\/types\/page"}],"author":[{"embeddable":true,"href":"http:\/\/www.viajarconmiperro.com\/index.php\/wp-json\/wp\/v2\/users\/1"}],"replies":[{"embeddable":true,"href":"http:\/\/www.viajarconmiperro.com\/index.php\/wp-json\/wp\/v2\/comments?post=7"}],"version-history":[{"count":20,"href":"http:\/\/www.viajarconmiperro.com\/index.php\/wp-json\/wp\/v2\/pages\/7\/revisions"}],"predecessor-version":[{"id":212,"href":"http:\/\/www.viajarconmiperro.com\/index.php\/wp-json\/wp\/v2\/pages\/7\/revisions\/212"}],"wp:featuredmedia":[{"embeddable":true,"href":"http:\/\/www.viajarconmiperro.com\/index.php\/wp-json\/wp\/v2\/media\/149"}],"wp:attachment":[{"href":"http:\/\/www.viajarconmiperro.com\/index.php\/wp-json\/wp\/v2\/media?parent=7"}],"curies":[{"name":"wp","href":"https:\/\/api.w.org\/{rel}","templated":true}]}}