{"id":118,"date":"2013-07-19T01:10:03","date_gmt":"2013-07-19T01:10:03","guid":{"rendered":"http:\/\/www.viajarconmiperro.com\/?page_id=118"},"modified":"2013-07-19T11:23:07","modified_gmt":"2013-07-19T11:23:07","slug":"acerca-de-viajarconmiperro-com","status":"publish","type":"page","link":"http:\/\/www.viajarconmiperro.com\/index.php\/acerca-de-viajarconmiperro-com\/","title":{"rendered":"Acerca de viajarconmiperro"},"content":{"rendered":"<p>Bienvenidos a la web\u00a0<a title=\"viajes de lujo con mascotas\" href=\"http:\/\/www.viajarconmiperro.com\/\">viajarconmiperro.com<\/a>, un lugar dirigido a todas las personas amantes \u00a0de \u00a0viajes de lujo, \u00a0que desean compartir sus vacaciones con sus perro.<\/p>\n<p>Me he decidido a crear este sitio, ya que \u00a0soy una persona \u00a0a la que me \u00a0encanta viajar, por mi trabajo no dispongo de demasiado tiempo y habitualmente \u00a0me obliga a pasar poco tiempo en casa, tal vez por ese motivo cuando me voy de vacaciones \u00a0me gusta alojarme en \u00a0villas de lujo, donde \u00a0mi pareja y yo \u00a0no tenemos horarios y podemos disfrutar de todas las comodidades y mayor intimidad que en otros tipos de alojamiento. Desde hace alg\u00fan tiempo compartimos nuestra vida con \u00a0Sam, nuestro perro, que es uno m\u00e1s de la familia, \u00a0 esto ha hecho que cada vez que organizamos nuestras vacaciones, tengamos que buscar informaci\u00f3n sobre lugares , playas, restaurantes donde se puede ir con mascota y a continuaci\u00f3n ponernos a buscar villas de lujo para viajar con mi perro, \u00a0por este motivo me gustar\u00eda compartir est\u00e1 informaci\u00f3n con personas que se encuentren en la misma situaci\u00f3n, y ayudarles en su labor de \u00a0encontrar el lugar perfecto para viajar con su mascota.<\/p>\n","protected":false},"excerpt":{"rendered":"<p>Bienvenidos a la web\u00a0viajarconmiperro.com, un lugar dirigido a todas las personas amantes \u00a0de \u00a0viajes de lujo, \u00a0que desean compartir sus vacaciones con sus perro. Me he decidido a crear este sitio, ya que \u00a0soy una persona \u00a0a la que me<\/p>\n","protected":false},"author":1,"featured_media":0,"parent":0,"menu_order":1,"comment_status":"open","ping_status":"closed","template":"","meta":{"footnotes":""},"class_list":["post-118","page","type-page","status-publish","hentry"],"_links":{"self":[{"href":"http:\/\/www.viajarconmiperro.com\/index.php\/wp-json\/wp\/v2\/pages\/118","targetHints":{"allow":["GET"]}}],"collection":[{"href":"http:\/\/www.viajarconmiperro.com\/index.php\/wp-json\/wp\/v2\/pages"}],"about":[{"href":"http:\/\/www.viajarconmiperro.com\/index.php\/wp-json\/wp\/v2\/types\/page"}],"author":[{"embeddable":true,"href":"http:\/\/www.viajarconmiperro.com\/index.php\/wp-json\/wp\/v2\/users\/1"}],"replies":[{"embeddable":true,"href":"http:\/\/www.viajarconmiperro.com\/index.php\/wp-json\/wp\/v2\/comments?post=118"}],"version-history":[{"count":4,"href":"http:\/\/www.viajarconmiperro.com\/index.php\/wp-json\/wp\/v2\/pages\/118\/revisions"}],"predecessor-version":[{"id":143,"href":"http:\/\/www.viajarconmiperro.com\/index.php\/wp-json\/wp\/v2\/pages\/118\/revisions\/143"}],"wp:attachment":[{"href":"http:\/\/www.viajarconmiperro.com\/index.php\/wp-json\/wp\/v2\/media?parent=118"}],"curies":[{"name":"wp","href":"https:\/\/api.w.org\/{rel}","templated":true}]}}