{"id":114,"date":"2013-07-19T01:04:51","date_gmt":"2013-07-19T01:04:51","guid":{"rendered":"http:\/\/www.viajarconmiperro.com\/?page_id=114"},"modified":"2013-07-19T12:02:42","modified_gmt":"2013-07-19T12:02:42","slug":"documentacion-necesaria-para-moverte-con-tu-perro","status":"publish","type":"page","link":"http:\/\/www.viajarconmiperro.com\/index.php\/documentacion-necesaria-para-moverte-con-tu-perro\/","title":{"rendered":"Documentaci\u00f3n necesaria para moverte con tu perro"},"content":{"rendered":"<p><em><strong>DOCUMENTACI\u00d3N \u00a0E INFORMACI\u00d3N SANITARIA OBLIGATORIA PARA VIAJAR CON MI PERRO ENTRE PA\u00cdSES DE LA COMUNIDAD EUROPEA<\/strong><\/em><\/p>\n<p>Cuando nos planteamos realizar un viaje con nuestra mascota, lo primero que debemos asegurarnos es de disponer de toda la documentaci\u00f3n que es obligatoria llevar \u00a0con nosotros. \u00a0Esta documentaci\u00f3n varia seg\u00fan el pa\u00eds \u00a0al que viajemos, por \u00a0lo que si viajamos a pa\u00edses fuera de Comunidad Europea, es importante consultar con el consulado correspondiente para evitarnos sorpresas desagradables.<\/p>\n<p><strong>Documentaci\u00f3n<\/strong>\u00a0que debemos llevar con nosotros cuando viajemos con mascotas\u00a0<strong>dentro de la Comunidad Europea<\/strong>, as\u00ed como a otros pa\u00edses vecinos tales como Andorra, Islandia, M\u00f3naco, Noruega y Suiza)<\/p>\n<ul>\n<li>\u00a0<strong>Pasaporte Europeo de \u00a0nuestro perro<\/strong>, \u00a0donde se reflejen los datos relativos al propietario y est\u00e9n actualizados los datos sanitarios tanto de vacunaci\u00f3n como desparasitaci\u00f3n.<\/li>\n<li><strong>Identificaci\u00f3n del perro<\/strong>\u00a0mediante\u00a0<strong>microchip<\/strong>\u00a0o tatuaje.<\/li>\n<li><strong>Acreditar que nuestro perro est\u00e1 vacunado contra la rabia.<\/strong><\/li>\n<\/ul>\n<p>Si no ten\u00e9is algo de esta documentaci\u00f3n en regla solo ten\u00e9is que acercaros a vuestro veterinario y el os informar\u00e1 y os har\u00e1 la mayor parte del trabajo.<\/p>\n<p>&nbsp;<\/p>\n","protected":false},"excerpt":{"rendered":"<p>DOCUMENTACI\u00d3N \u00a0E INFORMACI\u00d3N SANITARIA OBLIGATORIA PARA VIAJAR CON MI PERRO ENTRE PA\u00cdSES DE LA COMUNIDAD EUROPEA Cuando nos planteamos realizar un viaje con nuestra mascota, lo primero que debemos asegurarnos es de disponer de toda la documentaci\u00f3n que es obligatoria<\/p>\n","protected":false},"author":1,"featured_media":158,"parent":0,"menu_order":0,"comment_status":"open","ping_status":"closed","template":"","meta":{"footnotes":""},"class_list":["post-114","page","type-page","status-publish","has-post-thumbnail","hentry"],"_links":{"self":[{"href":"http:\/\/www.viajarconmiperro.com\/index.php\/wp-json\/wp\/v2\/pages\/114","targetHints":{"allow":["GET"]}}],"collection":[{"href":"http:\/\/www.viajarconmiperro.com\/index.php\/wp-json\/wp\/v2\/pages"}],"about":[{"href":"http:\/\/www.viajarconmiperro.com\/index.php\/wp-json\/wp\/v2\/types\/page"}],"author":[{"embeddable":true,"href":"http:\/\/www.viajarconmiperro.com\/index.php\/wp-json\/wp\/v2\/users\/1"}],"replies":[{"embeddable":true,"href":"http:\/\/www.viajarconmiperro.com\/index.php\/wp-json\/wp\/v2\/comments?post=114"}],"version-history":[{"count":3,"href":"http:\/\/www.viajarconmiperro.com\/index.php\/wp-json\/wp\/v2\/pages\/114\/revisions"}],"predecessor-version":[{"id":116,"href":"http:\/\/www.viajarconmiperro.com\/index.php\/wp-json\/wp\/v2\/pages\/114\/revisions\/116"}],"wp:featuredmedia":[{"embeddable":true,"href":"http:\/\/www.viajarconmiperro.com\/index.php\/wp-json\/wp\/v2\/media\/158"}],"wp:attachment":[{"href":"http:\/\/www.viajarconmiperro.com\/index.php\/wp-json\/wp\/v2\/media?parent=114"}],"curies":[{"name":"wp","href":"https:\/\/api.w.org\/{rel}","templated":true}]}}